{"id":5574,"date":"2023-06-10T07:57:57","date_gmt":"2023-06-10T07:57:57","guid":{"rendered":"https:\/\/kathinkasonneborn.de\/wordpress\/wordpress-kathinka\/?page_id=5574"},"modified":"2026-01-19T13:57:42","modified_gmt":"2026-01-19T13:57:42","slug":"die-verschiedenen-angebote","status":"publish","type":"page","link":"https:\/\/kathinkasonneborn.de\/wordpress\/wordpress-kathinka\/index.php\/die-verschiedenen-angebote\/","title":{"rendered":"Die verschiedenen Angebote"},"content":{"rendered":"\n<h2 class=\"wp-block-heading has-text-color\" style=\"color:#2a7b74\">Wandelweiber<\/h2>\n\n\n\n<figure class=\"wp-block-gallery has-nested-images columns-default is-cropped wp-block-gallery-1 is-layout-flex wp-block-gallery-is-layout-flex\">\n<figure class=\"wp-block-image size-large\"><img loading=\"lazy\" decoding=\"async\" width=\"640\" height=\"480\" data-id=\"5643\" src=\"https:\/\/kathinkasonneborn.de\/wordpress\/wordpress-kathinka\/wp-content\/uploads\/IMG_5127.jpeg\" alt=\"\" class=\"wp-image-5643\" srcset=\"https:\/\/kathinkasonneborn.de\/wordpress\/wordpress-kathinka\/wp-content\/uploads\/IMG_5127.jpeg 640w, https:\/\/kathinkasonneborn.de\/wordpress\/wordpress-kathinka\/wp-content\/uploads\/IMG_5127-300x225.jpeg 300w\" sizes=\"auto, (max-width: 640px) 100vw, 640px\" \/><\/figure>\n\n\n\n<figure class=\"wp-block-image size-large\"><img loading=\"lazy\" decoding=\"async\" width=\"640\" height=\"322\" data-id=\"5642\" src=\"https:\/\/kathinkasonneborn.de\/wordpress\/wordpress-kathinka\/wp-content\/uploads\/IMG_5129.jpeg\" alt=\"\" class=\"wp-image-5642\" srcset=\"https:\/\/kathinkasonneborn.de\/wordpress\/wordpress-kathinka\/wp-content\/uploads\/IMG_5129.jpeg 640w, https:\/\/kathinkasonneborn.de\/wordpress\/wordpress-kathinka\/wp-content\/uploads\/IMG_5129-300x151.jpeg 300w\" sizes=\"auto, (max-width: 640px) 100vw, 640px\" \/><\/figure>\n\n\n\n<figure class=\"wp-block-image size-large\"><img loading=\"lazy\" decoding=\"async\" width=\"640\" height=\"480\" data-id=\"5637\" src=\"https:\/\/kathinkasonneborn.de\/wordpress\/wordpress-kathinka\/wp-content\/uploads\/IMG_5109.jpeg\" alt=\"\" class=\"wp-image-5637\" srcset=\"https:\/\/kathinkasonneborn.de\/wordpress\/wordpress-kathinka\/wp-content\/uploads\/IMG_5109.jpeg 640w, https:\/\/kathinkasonneborn.de\/wordpress\/wordpress-kathinka\/wp-content\/uploads\/IMG_5109-300x225.jpeg 300w\" sizes=\"auto, (max-width: 640px) 100vw, 640px\" \/><\/figure>\n<\/figure>\n\n\n\n<p class=\"has-text-color\" style=\"color:#318f87\"><br>Ein Frauen &#8211; Wochenende in der Natur f\u00fcr einen w\u00fcrdevollen \u00dcbergang in eine reifere Lebensphase. Die Bl\u00fctezeit und mit ihr die Art und Weise durch die Frau ihre Rollen erf\u00fcllen m\u00f6chte beginnt sich zu wandeln. Der K\u00f6rper ver\u00e4ndert sich und damit auch oft die Sicht auf die Welt. Wandelweiber setzt Impulse, um in diesem \u00dcbergang aus einer tief empfundenen weiblichen Kraft zu sch\u00f6pfen.<\/p>\n\n\n\n<p class=\"has-text-color\" style=\"color:#2a7b74\">Inhalte sind: Naturverbindung, Ritual, Tanz, Redekreise, Singen am Feuer, spielerische Elemente und K\u00f6rperarbeit.<br>Wir werden komplett in die Natur eintauchen &#8211; kochen, schlafen, wandeln, sein &#8211; alles findet drau\u00dfen statt.<\/p>\n\n\n\n<p class=\"has-text-color has-link-color wp-elements-b00aad9a2dbe27f4b78ca0ed00976b01\" style=\"color:#2a7b74\">Wandelbegleitung: <br>Wir, Sarah Bhargava und Kathinka Sonneborn, arbeiten mit Herz und Seele als Wildnisp\u00e4dagoginnen und begleiten Rituale. Kathinka ist au\u00dferdem T\u00e4nzerin und K\u00f6rpertherapeutin. Sarah wirkt als Molekularbiologin und GFK Trainerin in der Welt. Wandlungsprozesse f\u00fcr und mit Frauen in der Natur sind unsere gemeinsame Leidenschaft.<\/p>\n\n\n<div class=\"wp-block-image\">\n<figure class=\"aligncenter size-large is-resized\"><img loading=\"lazy\" decoding=\"async\" width=\"1024\" height=\"768\" src=\"https:\/\/kathinkasonneborn.de\/wordpress\/wordpress-kathinka\/wp-content\/uploads\/P3068343_kl-1-1024x768.jpg\" alt=\"\" class=\"wp-image-5796\" style=\"width:211px;height:auto\" srcset=\"https:\/\/kathinkasonneborn.de\/wordpress\/wordpress-kathinka\/wp-content\/uploads\/P3068343_kl-1-1024x768.jpg 1024w, https:\/\/kathinkasonneborn.de\/wordpress\/wordpress-kathinka\/wp-content\/uploads\/P3068343_kl-1-300x225.jpg 300w, https:\/\/kathinkasonneborn.de\/wordpress\/wordpress-kathinka\/wp-content\/uploads\/P3068343_kl-1-768x576.jpg 768w, https:\/\/kathinkasonneborn.de\/wordpress\/wordpress-kathinka\/wp-content\/uploads\/P3068343_kl-1.jpg 1181w\" sizes=\"auto, (max-width: 1024px) 100vw, 1024px\" \/><figcaption class=\"wp-element-caption\">\u00a9J.F.Klam\/Berlin<\/figcaption><\/figure>\n<\/div>\n\n\n<p class=\"has-text-color\" style=\"color:#2a7b74\">Kosten: 300,-\u20ac zzgl. U\/VP (80,-\u20ac im eigenen Zelt \/ Vollverpflegung mit biologischer und nach M\u00f6glichkeit regionaler Kost)<\/p>\n\n\n\n<p class=\"has-text-color\" style=\"color:#2a7b74\"><strong>Wildnisschule Hoher Fl\u00e4ming, Termin: 12. &#8211; 14. 06. 2025<br><\/strong><br><strong>Mehr Informationen und Anmeldung:<\/strong><br><strong> <\/strong><a href=\"http:\/\/www.wandelweiber-berlin.de\">http:\/\/www.wandelweiber-berlin.de<\/a><\/p>\n\n\n\n<p class=\"has-text-color\" style=\"color:#2a7b74\"><br><\/p>\n\n\n\n<h2 class=\"wp-block-heading has-text-color\" style=\"color:#2a7b74\">Individuelle Begleitung<\/h2>\n\n\n\n<figure class=\"wp-block-gallery has-nested-images columns-default is-cropped wp-block-gallery-2 is-layout-flex wp-block-gallery-is-layout-flex\">\n<figure class=\"wp-block-image size-large\"><img loading=\"lazy\" decoding=\"async\" width=\"640\" height=\"480\" data-id=\"5628\" src=\"https:\/\/kathinkasonneborn.de\/wordpress\/wordpress-kathinka\/wp-content\/uploads\/IMG_5123.jpeg\" alt=\"\" class=\"wp-image-5628\" srcset=\"https:\/\/kathinkasonneborn.de\/wordpress\/wordpress-kathinka\/wp-content\/uploads\/IMG_5123.jpeg 640w, https:\/\/kathinkasonneborn.de\/wordpress\/wordpress-kathinka\/wp-content\/uploads\/IMG_5123-300x225.jpeg 300w\" sizes=\"auto, (max-width: 640px) 100vw, 640px\" \/><\/figure>\n\n\n\n<figure class=\"wp-block-image size-large\"><img loading=\"lazy\" decoding=\"async\" width=\"1024\" height=\"681\" data-id=\"5635\" src=\"https:\/\/kathinkasonneborn.de\/wordpress\/wordpress-kathinka\/wp-content\/uploads\/DSC_0089-1024x681.jpg\" alt=\"\" class=\"wp-image-5635\" srcset=\"https:\/\/kathinkasonneborn.de\/wordpress\/wordpress-kathinka\/wp-content\/uploads\/DSC_0089-1024x681.jpg 1024w, https:\/\/kathinkasonneborn.de\/wordpress\/wordpress-kathinka\/wp-content\/uploads\/DSC_0089-300x199.jpg 300w, https:\/\/kathinkasonneborn.de\/wordpress\/wordpress-kathinka\/wp-content\/uploads\/DSC_0089-768x511.jpg 768w, https:\/\/kathinkasonneborn.de\/wordpress\/wordpress-kathinka\/wp-content\/uploads\/DSC_0089-1536x1021.jpg 1536w, https:\/\/kathinkasonneborn.de\/wordpress\/wordpress-kathinka\/wp-content\/uploads\/DSC_0089-2048x1362.jpg 2048w\" sizes=\"auto, (max-width: 1024px) 100vw, 1024px\" \/><\/figure>\n\n\n\n<figure class=\"wp-block-image size-large\"><img loading=\"lazy\" decoding=\"async\" width=\"1024\" height=\"768\" data-id=\"5311\" src=\"https:\/\/kathinkasonneborn.de\/wordpress\/wordpress-kathinka\/wp-content\/uploads\/Neu_1_DSCF1418-1024x768.jpg\" alt=\"\" class=\"wp-image-5311\" srcset=\"https:\/\/kathinkasonneborn.de\/wordpress\/wordpress-kathinka\/wp-content\/uploads\/Neu_1_DSCF1418-1024x768.jpg 1024w, https:\/\/kathinkasonneborn.de\/wordpress\/wordpress-kathinka\/wp-content\/uploads\/Neu_1_DSCF1418-300x225.jpg 300w, https:\/\/kathinkasonneborn.de\/wordpress\/wordpress-kathinka\/wp-content\/uploads\/Neu_1_DSCF1418-768x576.jpg 768w, https:\/\/kathinkasonneborn.de\/wordpress\/wordpress-kathinka\/wp-content\/uploads\/Neu_1_DSCF1418.jpg 1280w\" sizes=\"auto, (max-width: 1024px) 100vw, 1024px\" \/><\/figure>\n<\/figure>\n\n\n\n<p class=\"has-text-color\" style=\"color:#2a7b74\"><br>Du m\u00f6chtest einen \u00dcbergang feiern, einleiten oder nachbereiten? Du hast einen gro\u00dfen Wunsch, einen Abschied, eine Krise oder m\u00f6chtest eine Lebensphase ehren? In einem 2-4 St\u00fcndigen Format gestalten eine meiner Kolleginnen (Isabel Knauf, Sarah Bhargava) und ich deine individuelle Begleitung an einem \u201ewilden\u201c Ort ganz nah an der Stadt. Wenn du es gesch\u00fctzter und stabiler brauchst, dann kann deine Begleitung auch gerne bei mir in der Praxis in Kreuzberg stattfinden. Dieses Format ist auch geeignet f\u00fcr Paare.<\/p>\n\n\n\n<p class=\"has-text-color\" style=\"color:#2a7b74\">F\u00fcr weitere Informationen kontaktiere mich <a href=\"mailto:mail@kathinkasonneborn.de\" target=\"_blank\" rel=\"noreferrer noopener\">hier<\/a>.<\/p>\n\n\n\n<h2 class=\"wp-block-heading has-text-color\" style=\"color:#2a7b74\">Erlebnisabend Zykluswissen<\/h2>\n\n\n\n<figure class=\"wp-block-image size-large\"><img loading=\"lazy\" decoding=\"async\" width=\"1024\" height=\"521\" src=\"https:\/\/kathinkasonneborn.de\/wordpress\/wordpress-kathinka\/wp-content\/uploads\/Bildschirmfoto-2024-01-23-um-11.06.32-1024x521.png\" alt=\"\" class=\"wp-image-5733\" srcset=\"https:\/\/kathinkasonneborn.de\/wordpress\/wordpress-kathinka\/wp-content\/uploads\/Bildschirmfoto-2024-01-23-um-11.06.32-1024x521.png 1024w, https:\/\/kathinkasonneborn.de\/wordpress\/wordpress-kathinka\/wp-content\/uploads\/Bildschirmfoto-2024-01-23-um-11.06.32-300x153.png 300w, https:\/\/kathinkasonneborn.de\/wordpress\/wordpress-kathinka\/wp-content\/uploads\/Bildschirmfoto-2024-01-23-um-11.06.32-768x391.png 768w, https:\/\/kathinkasonneborn.de\/wordpress\/wordpress-kathinka\/wp-content\/uploads\/Bildschirmfoto-2024-01-23-um-11.06.32-1536x781.png 1536w, https:\/\/kathinkasonneborn.de\/wordpress\/wordpress-kathinka\/wp-content\/uploads\/Bildschirmfoto-2024-01-23-um-11.06.32-2048x1041.png 2048w\" sizes=\"auto, (max-width: 1024px) 100vw, 1024px\" \/><\/figure>\n\n\n\n<p class=\"has-text-color\" style=\"color:#2a7b74\"><br>Du bist herzlich eingeladen, im Kreis von Frauen dem Zyklus deines K\u00f6rpers und dem des Lebens auf die Spur zu kommen. Wir werden Wissen \u00fcber Frauenk\u00f6rper und Pflanzen mit dir teilen und durch k\u00f6rperlich-sinnliche Erfahrungen erleben wie heilsam es ist, den Zyklus zu ehren und ihn f\u00fcr ein Leben im Einklang zu nutzen.<\/p>\n\n\n\n<p class=\"has-text-color\" style=\"color:#2a7b74\">Kosten: 84,-\u20ac\/ bzw. 63,-\u20ac (bring a friend)<\/p>\n\n\n\n<p class=\"has-text-color\" style=\"color:#2a7b74\">Zentrum Hagelberger Strasse 12, <br>Termine: momentan keine Termine<\/p>\n\n\n\n<p class=\"has-text-color\" style=\"color:#2a7b74\"><a href=\"mailto:mail@kathinkasonneborn.de\" target=\"_blank\" rel=\"noreferrer noopener\">Anmeldung<\/a><\/p>\n","protected":false},"excerpt":{"rendered":"<p>Wandelweiber Ein Frauen &#8211; Wochenende in der Natur f\u00fcr einen w\u00fcrdevollen \u00dcbergang in eine reifere Lebensphase. Die Bl\u00fctezeit und mit ihr die Art und Weise durch die Frau ihre Rollen erf\u00fcllen m\u00f6chte beginnt sich zu wandeln. Der K\u00f6rper ver\u00e4ndert sich und damit auch oft die Sicht auf die Welt. Wandelweiber setzt Impulse, um in diesem &hellip; <a href=\"https:\/\/kathinkasonneborn.de\/wordpress\/wordpress-kathinka\/index.php\/die-verschiedenen-angebote\/\" class=\"more-link\">Continue reading <span class=\"screen-reader-text\">Die verschiedenen Angebote<\/span><\/a><\/p>\n","protected":false},"author":3,"featured_media":0,"parent":0,"menu_order":0,"comment_status":"closed","ping_status":"closed","template":"","meta":{"footnotes":""},"class_list":["post-5574","page","type-page","status-publish","hentry"],"_links":{"self":[{"href":"https:\/\/kathinkasonneborn.de\/wordpress\/wordpress-kathinka\/index.php\/wp-json\/wp\/v2\/pages\/5574","targetHints":{"allow":["GET"]}}],"collection":[{"href":"https:\/\/kathinkasonneborn.de\/wordpress\/wordpress-kathinka\/index.php\/wp-json\/wp\/v2\/pages"}],"about":[{"href":"https:\/\/kathinkasonneborn.de\/wordpress\/wordpress-kathinka\/index.php\/wp-json\/wp\/v2\/types\/page"}],"author":[{"embeddable":true,"href":"https:\/\/kathinkasonneborn.de\/wordpress\/wordpress-kathinka\/index.php\/wp-json\/wp\/v2\/users\/3"}],"replies":[{"embeddable":true,"href":"https:\/\/kathinkasonneborn.de\/wordpress\/wordpress-kathinka\/index.php\/wp-json\/wp\/v2\/comments?post=5574"}],"version-history":[{"count":19,"href":"https:\/\/kathinkasonneborn.de\/wordpress\/wordpress-kathinka\/index.php\/wp-json\/wp\/v2\/pages\/5574\/revisions"}],"predecessor-version":[{"id":5820,"href":"https:\/\/kathinkasonneborn.de\/wordpress\/wordpress-kathinka\/index.php\/wp-json\/wp\/v2\/pages\/5574\/revisions\/5820"}],"wp:attachment":[{"href":"https:\/\/kathinkasonneborn.de\/wordpress\/wordpress-kathinka\/index.php\/wp-json\/wp\/v2\/media?parent=5574"}],"curies":[{"name":"wp","href":"https:\/\/api.w.org\/{rel}","templated":true}]}}