{"id":5544,"date":"2023-05-25T17:15:02","date_gmt":"2023-05-25T17:15:02","guid":{"rendered":"https:\/\/kathinkasonneborn.de\/wordpress\/wordpress-kathinka\/?page_id=5544"},"modified":"2023-06-16T11:07:45","modified_gmt":"2023-06-16T11:07:45","slug":"allgemeine-informationen","status":"publish","type":"page","link":"https:\/\/kathinkasonneborn.de\/wordpress\/wordpress-kathinka\/index.php\/allgemeine-informationen\/","title":{"rendered":"Worum geht es?"},"content":{"rendered":"\n<p class=\"has-text-color\" style=\"color:#2e7b74\">Unser Leben stellt einen sich stetig \u00e4ndernden Flu\u00df dar. \u00dcberg\u00e4nge sind ein wichtiger Teil davon. Es gibt die gro\u00dfen, offensichtlichen \u00dcberg\u00e4nge im Verlauf eines Lebens wie geboren werden, erwachsen werden, Eltern werden, Menarche und Menopause, in \u201eRente\u201c gehen oder letztendlich der Tod. Aber eigentlich sind wir irgendwie st\u00e4ndig auch in unseren individuellen kleineren \u00dcbergangsprozessen. Jede Krise, jeder Abschied oder jede Lebensphase stellt einen \u00dcbergang dar. Die allermeisten Kulturen teilen eine tiefe Weisheit: \u00dcberg\u00e4nge brauchen Aufmerksamkeit und im besten Falle Begleitung.<\/p>\n\n\n\n<p class=\"has-text-color\" style=\"color:#2e7b74\">In lebendiger, tiefempfundener Naturverbindung liegt eine f\u00fcr uns Menschen heilsame Kraft. Eingebettet in das gro\u00dfe Ganze kommen wir in Kontakt mit den Zyklen des Lebens. Im Gewahrsein des st\u00e4ndigen Werdens und Vergehens da draussen k\u00f6nnen wir eine Verwurzelung und Anbindung erfahren, die uns auf der k\u00f6rperlichen, mentalen und seelischen Ebene unterst\u00fctzt und h\u00e4lt.<\/p>\n\n\n\n<p class=\"has-text-color\" style=\"color:#2e7b74\">In meiner wildnisp\u00e4dagogisch gepr\u00e4gten Arbeit geht es darum, dass wir wieder lernen einzutauchen in die Natur. Ich begleite dich dabei, die lebendige Welt um dich herum lesen und verstehen zu lernen, dich von ihr ber\u00fchren zu lassen und ganzheitlich zu begreifen, dass du ein Teil von allem bist und nicht getrennt.<\/p>\n\n\n\n<div class=\"wp-block-group\"><div class=\"wp-block-group__inner-container is-layout-constrained wp-block-group-is-layout-constrained\">\n<figure class=\"wp-block-gallery has-nested-images columns-default is-cropped wp-block-gallery-1 is-layout-flex wp-block-gallery-is-layout-flex\">\n<figure class=\"wp-block-image size-large\"><img loading=\"lazy\" decoding=\"async\" width=\"640\" height=\"427\" data-id=\"5632\" src=\"https:\/\/kathinkasonneborn.de\/wordpress\/wordpress-kathinka\/wp-content\/uploads\/IMG_5088-2.jpeg\" alt=\"\" class=\"wp-image-5632\" srcset=\"https:\/\/kathinkasonneborn.de\/wordpress\/wordpress-kathinka\/wp-content\/uploads\/IMG_5088-2.jpeg 640w, https:\/\/kathinkasonneborn.de\/wordpress\/wordpress-kathinka\/wp-content\/uploads\/IMG_5088-2-300x200.jpeg 300w\" sizes=\"auto, (max-width: 640px) 100vw, 640px\" \/><\/figure>\n<\/figure>\n<\/div><\/div>\n\n\n\n<p class=\"has-text-color\" style=\"color:#2e7b74\">Ich erlebe es als magisch und kraftvoll in Kontakt mit den Elementen und im Kreis einer Gemeinschaft die unterschiedlichen Themen und Prozesse zu bewegen. In meinen Kursen sitzen wir am Feuer, steifen wir durch die Natur, begegnen wir Pflanzen und Tieren, atmen wir die Weite des Himmels, schlafen wir unter den Sternen und lassen wir mit dem Wasser unsere Gef\u00fchle flie\u00dfen. Wir singen und tanzen, machen Visionsg\u00e4nge und Rituale, \u00f6ffnen unsere Sinne, gehen ins Gespr\u00e4ch und f\u00fchren Redekreise. Es geht darum, mit Leib und Seele in Verbindung zu gehen und Antworten zu ernten aus einem viel gr\u00f6\u00dferen Kontext als dem, was unser eigener Geist und unsere Psyche allein sich ersinnen k\u00f6nnte.<\/p>\n\n\n\n<div class=\"wp-block-group\"><div class=\"wp-block-group__inner-container is-layout-constrained wp-block-group-is-layout-constrained\">\n<figure class=\"wp-block-gallery has-nested-images columns-default is-cropped wp-block-gallery-2 is-layout-flex wp-block-gallery-is-layout-flex\">\n<figure class=\"wp-block-image size-large\"><img decoding=\"async\" data-id=\"5633\" src=\"https:\/\/kathinkasonneborn.de\/wordpress\/wordpress-kathinka\/wp-content\/uploads\/DSC_0027-1024x681.jpg\" alt=\"\" class=\"wp-image-5633\"\/><\/figure>\n<\/figure>\n<\/div><\/div>\n\n\n\n<p class=\"has-text-color\" style=\"color:#2e7b74\">Naturverbundene \u00dcbergangsbegleitung ist:<\/p>\n\n\n\n<p class=\"has-text-color\" style=\"color:#2e7b74\">Prozessarbeit<br>Gemeinschaftsst\u00e4rkung<br>Verbindungs- und Friedensarbeit<br>Eine gro\u00dfe Unterst\u00fctzung in der Krisenbew\u00e4ltigung und der Trauerarbeit.<\/p>\n","protected":false},"excerpt":{"rendered":"<p>Unser Leben stellt einen sich stetig \u00e4ndernden Flu\u00df dar. \u00dcberg\u00e4nge sind ein wichtiger Teil davon. Es gibt die gro\u00dfen, offensichtlichen \u00dcberg\u00e4nge im Verlauf eines Lebens wie geboren werden, erwachsen werden, Eltern werden, Menarche und Menopause, in \u201eRente\u201c gehen oder letztendlich der Tod. Aber eigentlich sind wir irgendwie st\u00e4ndig auch in unseren individuellen kleineren \u00dcbergangsprozessen. Jede &hellip; <a href=\"https:\/\/kathinkasonneborn.de\/wordpress\/wordpress-kathinka\/index.php\/allgemeine-informationen\/\" class=\"more-link\">Continue reading <span class=\"screen-reader-text\">Worum geht es?<\/span><\/a><\/p>\n","protected":false},"author":3,"featured_media":5627,"parent":0,"menu_order":0,"comment_status":"closed","ping_status":"closed","template":"","meta":{"footnotes":""},"class_list":["post-5544","page","type-page","status-publish","has-post-thumbnail","hentry"],"_links":{"self":[{"href":"https:\/\/kathinkasonneborn.de\/wordpress\/wordpress-kathinka\/index.php\/wp-json\/wp\/v2\/pages\/5544","targetHints":{"allow":["GET"]}}],"collection":[{"href":"https:\/\/kathinkasonneborn.de\/wordpress\/wordpress-kathinka\/index.php\/wp-json\/wp\/v2\/pages"}],"about":[{"href":"https:\/\/kathinkasonneborn.de\/wordpress\/wordpress-kathinka\/index.php\/wp-json\/wp\/v2\/types\/page"}],"author":[{"embeddable":true,"href":"https:\/\/kathinkasonneborn.de\/wordpress\/wordpress-kathinka\/index.php\/wp-json\/wp\/v2\/users\/3"}],"replies":[{"embeddable":true,"href":"https:\/\/kathinkasonneborn.de\/wordpress\/wordpress-kathinka\/index.php\/wp-json\/wp\/v2\/comments?post=5544"}],"version-history":[{"count":3,"href":"https:\/\/kathinkasonneborn.de\/wordpress\/wordpress-kathinka\/index.php\/wp-json\/wp\/v2\/pages\/5544\/revisions"}],"predecessor-version":[{"id":5634,"href":"https:\/\/kathinkasonneborn.de\/wordpress\/wordpress-kathinka\/index.php\/wp-json\/wp\/v2\/pages\/5544\/revisions\/5634"}],"wp:featuredmedia":[{"embeddable":true,"href":"https:\/\/kathinkasonneborn.de\/wordpress\/wordpress-kathinka\/index.php\/wp-json\/wp\/v2\/media\/5627"}],"wp:attachment":[{"href":"https:\/\/kathinkasonneborn.de\/wordpress\/wordpress-kathinka\/index.php\/wp-json\/wp\/v2\/media?parent=5544"}],"curies":[{"name":"wp","href":"https:\/\/api.w.org\/{rel}","templated":true}]}}