{"id":50,"date":"2015-05-26T17:22:13","date_gmt":"2015-05-26T17:22:13","guid":{"rendered":"http:\/\/kathinkasonneborn.de\/wordpress\/wordpress-kathinka\/?page_id=50"},"modified":"2023-06-16T10:42:17","modified_gmt":"2023-06-16T10:42:17","slug":"unterricht","status":"publish","type":"page","link":"https:\/\/kathinkasonneborn.de\/wordpress\/wordpress-kathinka\/index.php\/unterricht\/","title":{"rendered":"Unterricht \/ Workshos"},"content":{"rendered":"<h6><span style=\"color: #771b46;\"><strong>Improvisation und Contact Improvisation<\/strong><\/span><\/h6>\n<p><span style=\"color: #771b46;\">Tanz ist Kommunikation &#8211; mit dem Raum, anderen K\u00f6rpern, dem eigenen Inneren, den Themen der Aussenwelt &#8211; mit dem Leben an sich. Inspiriert von der Bewegungslehre Rudolf von Labans habe ich einen strukturierten Improvisationsunterricht entwickelt. Innerhalb vorgegebener Strukturen wird erkundet und erfahren, was der K\u00f6rper in diesem Moment bereitstellt. Es geht darum, die gewohnten Bewegungsmuster zu verlassen und das eigene Spektrum von Qualit\u00e4ten, Bewegungsformen und Ausdrucksm\u00f6glichkeiten zu erweitern. Es wird geschult die Aufmerksamkeit auf den eigenen K\u00f6rper zu richten und auf den Raum, die Zeit, unterschiedliche Qualit\u00e4ten oder Themen. Sich in Beziehung zu etwas frei bewegen und ohne Wertung\u00a0 in den Fluss eintauchen, dem Ausdruck geben was ist.<\/span><\/p>\n<p><span style=\"color: #771b46;\">In der Konatktimprovisation geht es darum,\u00a0 sich in Kommunikation mit einem andern K\u00f6rper dem Bewegungsfluss hinzugeben. Wir trainieren, aufmerksam zu sein auf den eigenen K\u00f6rper sowie auf den des Partners und in Kontakt Bewegung neu entstehen lassen. Somit begeben wir uns gemeinsam in Bewegungssituationen, die wir f\u00fcr uns alleine niemals erleben k\u00f6nnten. Verschiedene Themen sind z.B. F\u00fchren und Folgen, Gewicht nehmen und geben, ein gemeinsames Zentrum teilen.<\/span><\/p>\n<p><img loading=\"lazy\" decoding=\"async\" class=\" wp-image-5615 aligncenter\" src=\"http:\/\/kathinkasonneborn.de\/wordpress\/wordpress-kathinka\/wp-content\/uploads\/9433-300x96.jpeg\" alt=\"\" width=\"447\" height=\"143\" srcset=\"https:\/\/kathinkasonneborn.de\/wordpress\/wordpress-kathinka\/wp-content\/uploads\/9433-300x96.jpeg 300w, https:\/\/kathinkasonneborn.de\/wordpress\/wordpress-kathinka\/wp-content\/uploads\/9433.jpeg 640w\" sizes=\"auto, (max-width: 447px) 100vw, 447px\" \/><\/p>\n<h6><span style=\"color: #771b46;\"><strong>Zeitgen\u00f6ssischer Tanz\/Release Technik<\/strong><\/span><\/h6>\n<p><span style=\"color: #771b46;\">Der Fokus des Unterrichts liegt darauf, die Struktur der Skeletur und des Gewebes des K\u00f6rpers zu nutzen um dynamische organische Bewegungsformen zu entwickeln. Prinzipien von \u201efall and recovery\u201c also die Schwerkraft und Aufrichtung und das Momentum der Bewegung und nicht die Muskelanstrengung sind Motivation f\u00fcr Bewegung. Mit viel Aufmerksamkeit auf den K\u00f6rper werden nicht nur Formen gelernt, sondern Schritt f\u00fcr Schritt der Bewegungsfluss aufbauend vom K\u00f6rper in den Raum ausgedehnt. T\u00e4nzerische Virtuosit\u00e4t, Kraft und Flexibilit\u00e4t werden auf\u00a0 organische und gesunde Weise entwickelt.<\/span><\/p>\n<h6><a href=\"http:\/\/kathinkasonneborn.de\/wordpress\/wordpress-kathinka\/wp-content\/uploads\/9424.jpg\"><img loading=\"lazy\" decoding=\"async\" class=\"aligncenter wp-image-266 size-medium\" src=\"http:\/\/kathinkasonneborn.de\/wordpress\/wordpress-kathinka\/wp-content\/uploads\/9424-300x200.jpg\" alt=\"9424\" width=\"300\" height=\"200\" \/><\/a><\/h6>\n<h6><span style=\"color: #771b46;\"><strong>Limon Technik<\/strong><\/span><\/h6>\n<p><span style=\"color: #771b46;\">Dieser Stil des Modern Dance wurde in den1950er Jahren von Jose Limon (einem Sch\u00fcler von Doris Humphrey) in den USA entwickelt.<\/span><\/p>\n<h6><span style=\"color: #771b46;\"><strong>Workshops<\/strong><\/span><\/h6>\n<p><span style=\"color: #771b46;\">Ich biete ein oder zweit\u00e4gige Workshops in den Bereichen Tanztechnik, Improvisation \/ Body Awareness und Choreographie an verschiedenen Orten an.<\/span><\/p>\n<p><span style=\"color: #771b46;\">Themen sowie Preise f\u00fcr die Workshops richten sich ganz nach den Bed\u00fcrfnissen und den Bedingungen. Kontaktieren Sie mich gerne, wenn Sie Interesse haben in Ihrem Institut, ihrer Schule oder Ihrem Raum einen Workshop anzubieten.<\/span><\/p>\n<p><span style=\"color: #771b46;\">F\u00fcr laufende Workshops siehe auch:\u00a0<a style=\"color: #771b46;\" href=\"http:\/\/kathinkasonneborn.de\/wordpress\/wordpress-kathinka\/index.php\/aktuelles\/\">Aktuelles<\/a><\/span><\/p>\n","protected":false},"excerpt":{"rendered":"<p>Improvisation und Contact Improvisation Tanz ist Kommunikation &#8211; mit dem Raum, anderen K\u00f6rpern, dem eigenen Inneren, den Themen der Aussenwelt &#8211; mit dem Leben an sich. Inspiriert von der Bewegungslehre Rudolf von Labans habe ich einen strukturierten Improvisationsunterricht entwickelt. Innerhalb vorgegebener Strukturen wird erkundet und erfahren, was der K\u00f6rper in diesem Moment bereitstellt. Es geht &hellip; <a href=\"https:\/\/kathinkasonneborn.de\/wordpress\/wordpress-kathinka\/index.php\/unterricht\/\" class=\"more-link\">Continue reading <span class=\"screen-reader-text\">Unterricht \/ Workshos<\/span><\/a><\/p>\n","protected":false},"author":1,"featured_media":5616,"parent":0,"menu_order":0,"comment_status":"closed","ping_status":"closed","template":"","meta":{"footnotes":""},"class_list":["post-50","page","type-page","status-publish","has-post-thumbnail","hentry"],"_links":{"self":[{"href":"https:\/\/kathinkasonneborn.de\/wordpress\/wordpress-kathinka\/index.php\/wp-json\/wp\/v2\/pages\/50","targetHints":{"allow":["GET"]}}],"collection":[{"href":"https:\/\/kathinkasonneborn.de\/wordpress\/wordpress-kathinka\/index.php\/wp-json\/wp\/v2\/pages"}],"about":[{"href":"https:\/\/kathinkasonneborn.de\/wordpress\/wordpress-kathinka\/index.php\/wp-json\/wp\/v2\/types\/page"}],"author":[{"embeddable":true,"href":"https:\/\/kathinkasonneborn.de\/wordpress\/wordpress-kathinka\/index.php\/wp-json\/wp\/v2\/users\/1"}],"replies":[{"embeddable":true,"href":"https:\/\/kathinkasonneborn.de\/wordpress\/wordpress-kathinka\/index.php\/wp-json\/wp\/v2\/comments?post=50"}],"version-history":[{"count":11,"href":"https:\/\/kathinkasonneborn.de\/wordpress\/wordpress-kathinka\/index.php\/wp-json\/wp\/v2\/pages\/50\/revisions"}],"predecessor-version":[{"id":5621,"href":"https:\/\/kathinkasonneborn.de\/wordpress\/wordpress-kathinka\/index.php\/wp-json\/wp\/v2\/pages\/50\/revisions\/5621"}],"wp:featuredmedia":[{"embeddable":true,"href":"https:\/\/kathinkasonneborn.de\/wordpress\/wordpress-kathinka\/index.php\/wp-json\/wp\/v2\/media\/5616"}],"wp:attachment":[{"href":"https:\/\/kathinkasonneborn.de\/wordpress\/wordpress-kathinka\/index.php\/wp-json\/wp\/v2\/media?parent=50"}],"curies":[{"name":"wp","href":"https:\/\/api.w.org\/{rel}","templated":true}]}}