{"id":2,"date":"2015-05-26T16:57:21","date_gmt":"2015-05-26T16:57:21","guid":{"rendered":"http:\/\/kathinkasonneborn.de\/wordpress\/wordpress-kathinka\/?page_id=2"},"modified":"2026-01-19T13:50:33","modified_gmt":"2026-01-19T13:50:33","slug":"sample-page","status":"publish","type":"page","link":"https:\/\/kathinkasonneborn.de\/wordpress\/wordpress-kathinka\/","title":{"rendered":""},"content":{"rendered":"<h1><span style=\"color: #808080;\">\u00a0ber\u00fchrt.bewegt.sein<\/span><\/h1>\n<h4><span style=\"color: #808080;\">\u201eIm K\u00f6rper zu Hause und in Verbindung mit der Welt\u201c<\/span><\/h4>\n<p><span style=\"color: #800000;\">Du willst die Sprache des K\u00f6rpers in deine eigene Arbeit einflie\u00dfen lassen?<br \/><\/span><br \/><span style=\"color: #808080;\"><span style=\"color: #800000;\">November 2026 startet der vierte Durchlauf der <strong>Weiterbildung in prozessorientierter somatischer K\u00f6rperarbeit<\/strong>. <a style=\"color: #800000;\" href=\"https:\/\/kathinkasonneborn.de\/wordpress\/wordpress-kathinka\/index.php\/weiterbildung\/\">Mehr lesen<\/a><\/span><br \/><\/span><\/p>\n<p><span style=\"color: #800000;\"><strong>Kostenlose Infoabende 2026 (18:30 &#8211; 20:00)<\/strong> : <br \/>23.03, 07.05., 08.06.<br \/><\/span><span style=\"color: #800000;\">Anmeldung erforderlich<\/span><\/p>\n\n\n<figure class=\"wp-block-gallery has-nested-images columns-1 wp-block-gallery-1 is-layout-flex wp-block-gallery-is-layout-flex\">\n<figure class=\"wp-block-image size-full\"><a href=\"https:\/\/kathinkasonneborn.de\/wordpress\/wordpress-kathinka\/index.php\/die-grinberg-methode\/\"><img loading=\"lazy\" decoding=\"async\" width=\"2000\" height=\"1333\" data-id=\"250\" src=\"https:\/\/kathinkasonneborn.de\/wordpress\/wordpress-kathinka\/wp-content\/uploads\/5713-2-e1442927721844.jpg\" alt=\"\" class=\"wp-image-250\"\/><\/a><\/figure>\n\n\n\n<figure class=\"wp-block-image size-full\"><a href=\"https:\/\/kathinkasonneborn.de\/wordpress\/wordpress-kathinka\/index.php\/naturverbundene-prozessarbeit\/\"><img loading=\"lazy\" decoding=\"async\" width=\"2560\" height=\"1702\" data-id=\"5635\" src=\"https:\/\/kathinkasonneborn.de\/wordpress\/wordpress-kathinka\/wp-content\/uploads\/DSC_0089-scaled.jpg\" alt=\"\" class=\"wp-image-5635\" srcset=\"https:\/\/kathinkasonneborn.de\/wordpress\/wordpress-kathinka\/wp-content\/uploads\/DSC_0089-scaled.jpg 2560w, https:\/\/kathinkasonneborn.de\/wordpress\/wordpress-kathinka\/wp-content\/uploads\/DSC_0089-300x199.jpg 300w, https:\/\/kathinkasonneborn.de\/wordpress\/wordpress-kathinka\/wp-content\/uploads\/DSC_0089-1024x681.jpg 1024w, https:\/\/kathinkasonneborn.de\/wordpress\/wordpress-kathinka\/wp-content\/uploads\/DSC_0089-768x511.jpg 768w, https:\/\/kathinkasonneborn.de\/wordpress\/wordpress-kathinka\/wp-content\/uploads\/DSC_0089-1536x1021.jpg 1536w, https:\/\/kathinkasonneborn.de\/wordpress\/wordpress-kathinka\/wp-content\/uploads\/DSC_0089-2048x1362.jpg 2048w\" sizes=\"auto, (max-width: 2560px) 100vw, 2560px\" \/><\/a><\/figure>\n<\/figure>\n\n\n\n<figure class=\"wp-block-image size-large\"><a href=\"https:\/\/kathinkasonneborn.de\/wordpress\/wordpress-kathinka\/index.php\/tanz\/\"><img loading=\"lazy\" decoding=\"async\" width=\"1024\" height=\"683\" src=\"http:\/\/kathinkasonneborn.de\/wordpress\/wordpress-kathinka\/wp-content\/uploads\/DSC07325-1024x683.jpg\" alt=\"\" class=\"wp-image-5623\" srcset=\"https:\/\/kathinkasonneborn.de\/wordpress\/wordpress-kathinka\/wp-content\/uploads\/DSC07325-1024x683.jpg 1024w, https:\/\/kathinkasonneborn.de\/wordpress\/wordpress-kathinka\/wp-content\/uploads\/DSC07325-300x200.jpg 300w, https:\/\/kathinkasonneborn.de\/wordpress\/wordpress-kathinka\/wp-content\/uploads\/DSC07325-768x512.jpg 768w, https:\/\/kathinkasonneborn.de\/wordpress\/wordpress-kathinka\/wp-content\/uploads\/DSC07325-1536x1024.jpg 1536w, https:\/\/kathinkasonneborn.de\/wordpress\/wordpress-kathinka\/wp-content\/uploads\/DSC07325-2048x1365.jpg 2048w\" sizes=\"auto, (max-width: 1024px) 100vw, 1024px\" \/><\/a><\/figure>\n","protected":false},"excerpt":{"rendered":"<p>\u00a0ber\u00fchrt.bewegt.sein \u201eIm K\u00f6rper zu Hause und in Verbindung mit der Welt\u201c Du willst die Sprache des K\u00f6rpers in deine eigene Arbeit einflie\u00dfen lassen?November 2026 startet der vierte Durchlauf der Weiterbildung in prozessorientierter somatischer K\u00f6rperarbeit. Mehr lesen Kostenlose Infoabende 2026 (18:30 &#8211; 20:00) : 23.03, 07.05., 08.06.Anmeldung erforderlich<\/p>\n","protected":false},"author":1,"featured_media":0,"parent":0,"menu_order":0,"comment_status":"closed","ping_status":"closed","template":"","meta":{"footnotes":""},"class_list":["post-2","page","type-page","status-publish","hentry"],"_links":{"self":[{"href":"https:\/\/kathinkasonneborn.de\/wordpress\/wordpress-kathinka\/index.php\/wp-json\/wp\/v2\/pages\/2","targetHints":{"allow":["GET"]}}],"collection":[{"href":"https:\/\/kathinkasonneborn.de\/wordpress\/wordpress-kathinka\/index.php\/wp-json\/wp\/v2\/pages"}],"about":[{"href":"https:\/\/kathinkasonneborn.de\/wordpress\/wordpress-kathinka\/index.php\/wp-json\/wp\/v2\/types\/page"}],"author":[{"embeddable":true,"href":"https:\/\/kathinkasonneborn.de\/wordpress\/wordpress-kathinka\/index.php\/wp-json\/wp\/v2\/users\/1"}],"replies":[{"embeddable":true,"href":"https:\/\/kathinkasonneborn.de\/wordpress\/wordpress-kathinka\/index.php\/wp-json\/wp\/v2\/comments?post=2"}],"version-history":[{"count":53,"href":"https:\/\/kathinkasonneborn.de\/wordpress\/wordpress-kathinka\/index.php\/wp-json\/wp\/v2\/pages\/2\/revisions"}],"predecessor-version":[{"id":5816,"href":"https:\/\/kathinkasonneborn.de\/wordpress\/wordpress-kathinka\/index.php\/wp-json\/wp\/v2\/pages\/2\/revisions\/5816"}],"wp:attachment":[{"href":"https:\/\/kathinkasonneborn.de\/wordpress\/wordpress-kathinka\/index.php\/wp-json\/wp\/v2\/media?parent=2"}],"curies":[{"name":"wp","href":"https:\/\/api.w.org\/{rel}","templated":true}]}}