{"id":185,"date":"2015-06-03T10:05:54","date_gmt":"2015-06-03T10:05:54","guid":{"rendered":"http:\/\/kathinkasonneborn.de\/wordpress\/wordpress-kathinka\/?page_id=185"},"modified":"2023-06-10T07:41:59","modified_gmt":"2023-06-10T07:41:59","slug":"klientenmeinungen","status":"publish","type":"page","link":"https:\/\/kathinkasonneborn.de\/wordpress\/wordpress-kathinka\/index.php\/die-grinberg-methode\/klientenmeinungen\/","title":{"rendered":"Erfahrungsberichte"},"content":{"rendered":"<p><span style=\"color: #b89a7f;\">Als ich die prozessorientierte K\u00f6rperarbeit&nbsp;kennengelernt habe, war es f\u00fcr mich wie eine Offenbarung! Ich habe nach einer M\u00f6glichkeit gesucht, die im K\u00f6rper gespeicherten Schmerzen nachhaltig bearbeiten und somit aufl\u00f6sen zu k\u00f6nnen, wu\u00dfte aber nicht, dass es daf\u00fcr eine Methode gibt.&nbsp;<\/span><span style=\"color: #b89a7f;\">Danke Kathinka, f\u00fcr diese neue Erfahrung!<\/span><\/p>\n<p><span style=\"color: #b89a7f;\">Eva, Kulturmanagerin<\/span><\/p>\n<hr>\n<p>&nbsp;<\/p>\n<p><span style=\"color: #b89a7f;\">Ich konnte mich durch die Arbeit mit der prozessorientierten K\u00f6rperarbeit meinem K\u00f6rper wieder ann\u00e4hern und Selbstf\u00fcrsorge lernen. Kathinkas Zuverl\u00e4ssigkeit, ihr Vertrauen, ihre Kraft und ihr feines Gesp\u00fcr gaben mir Raum und Halt, eigenen Mut und Entschlossenheit zu entwickeln. So konnte ich mich gesch\u00fctzt und angeleitet Themen und Fragen \u00f6ffnen und dabei wach, selbstbestimmt und handlungsf\u00e4hig bleiben.&nbsp;Ich habe erlebt, dass es eine lohnenswerte und nachhaltig heilsame Investition ist, K\u00f6rperlichkeit als Ressource zu begreifen und zu trainieren.<\/span><\/p>\n<p><span style=\"color: #b89a7f;\"> Kathinka ist eine herzliche und aufmerksame Begleiterin, die es absolut versteht, eine warme und professionelle Atmosph\u00e4re zu schaffen. Ich kann nur jedem raten, es einmal auszuprobieren.<\/span><\/p>\n<p><span style=\"color: #b89a7f;\">Kia, Lehrerin<\/span><\/p>\n<hr>\n<p>&nbsp;<\/p>\n<p><span style=\"color: #b89a7f;\">W\u00e4hrend der Sitzung gehen wir leicht durch viele Widerspr\u00fcche hindurch &#8211; ein gleichzeitiges sich entspannen und arbeiten, nichts zu wollen und doch hinzuschauen. Mal leise angedeutet, mal tiefer bohrend und ganz fokussiert, mal verr\u00fcckt und mit einem fetten Grinsen. Oft ist es so, dass es sich anf\u00fchlt, als w\u00fcrden wir aus hundert verschiedenen Richtungen auf den selben Punkt zu gehen, als w\u00fcrde es trotz aller Verschiedenheiten der Sitzungen doch um ein verbindendes Ganzes gehen.<\/span><br \/>\n<span style=\"color: #b89a7f;\">\u2028Die Sitzungen sind oft ein Ansto\u00df, der weit in die Zeit danach hineinreicht. Manchmal klingen einige S\u00e4tze nach, bleiben Empfindungen wach, oder sind ungesagte Gewissheiten pr\u00e4sent. Und das n\u00e4chste Mal, wenn ich in die Situation komme, die wir in der Sitzung bearbeitet haben, merke ich, ich bin als anderer da, ich handle anders. Manchmal um einen Nuance und manchmal auch ums Ganze. Es tut gut eine so tieff\u00fchlende und erfahrene Begleitung bei den Auf und Abs in meinem Leben zu haben.<\/span><\/p>\n<p><span style=\"color: #b89a7f;\">Matthias, Wildnisp\u00e4dagoge<\/span><\/p>\n<hr>\n<p>&nbsp;<\/p>\n<p><span style=\"color: #b89a7f;\">Zu Kathinka f\u00fchrte mich der W\u00fcnsch, endlich unbefangener und leichter mit M\u00e4nnern umgehen zu k\u00f6nnen. Nach einer langen, m\u00fchsamen Beziehung, entt\u00e4uschten Hoffnungen und W\u00fcnschen, litt ich unter Schlaflosigkeit und hatte den Eindruck, \u00fcberhaupt nicht mehr mit M\u00e4nnern \u201enormal\u201c in Kontakt treten zu k\u00f6nnen.<\/span><\/p>\n<p><span style=\"color: #b89a7f;\">Kathinka brachte mir mit ihrer klaren und heiteren Art bei, \u00fcberhaupt wieder meine Umwelt wahrnehmen zu k\u00f6nnen, zu bemerken, wie M\u00e4nner auf mich reagieren und dass ich dann einfach so sein kann, wie ich bin: Sicher und kraftvoll. Mit viel Lebensfreude und Respekt hat es mir Kathinka sehr leicht gemacht mich auch mit schwierigen Themen zu \u00f6ffnen. Durch die Sitzungen bei ihr konnte ich Sachen sp\u00fcren, die ich schon lange verdr\u00e4ngt hatte. F\u00fcr den Prozess bin ich sehr dankbar.&nbsp;<\/span><\/p>\n<p><span style=\"color: #b89a7f;\">Silke, Kunsthistorikerin<\/span><\/p>\n<hr>\n<p>&nbsp;<\/p>\n<p><span style=\"color: #b89a7f;\">Bereits nach den ersten Sitzungen merkte ich sp\u00fcrbar positive Ver\u00e4nderungen in meinem Leben. Besonders mein Umfeld best\u00e4tigte mir dies. Ich lernte mehr loszulassen und auf meinen K\u00f6rper zu h\u00f6ren. Zudem kam ich mehr aus mir heraus und mein K\u00f6rper teilt mir mittlerweile sehr gut mit, wenn etwas nicht richtig ist und dementsprechend handle ich. So habe ich den Mut gefunden Entscheidungen zu treffen und dazu zu stehen. Dies f\u00fchlt sich nicht nur f\u00fcr mich gut an, sondern auch f\u00fcr mein Umfeld. Ich gehe nun ganz anders mit allem um und die regelm\u00e4\u00dfigen \u00dcbungen helfen dabei. Es ist ein tolles Gef\u00fchl, wenn man all die Schwere im K\u00f6rper und Kopf losl\u00e4sst. Dann ist man frei.&nbsp;<\/span><\/p>\n<p><span style=\"color: #b89a7f;\"> Kathinka ist eine sehr gute und motivierende Lehrerin, die ihren Job mit Liebe und Leidenschaft aus\u00fcbt. Ich bin aus jeder Sitzung gl\u00fccklich und befreit herausgegangen. Danke f\u00fcr diese wunderbare Zeit. <\/span><\/p>\n<p><span style=\"color: #b89a7f;\">Franziska, T\u00e4nzerin und Tanzp\u00e4dagogin<\/span><\/p>\n","protected":false},"excerpt":{"rendered":"<p>Als ich die prozessorientierte K\u00f6rperarbeit&nbsp;kennengelernt habe, war es f\u00fcr mich wie eine Offenbarung! Ich habe nach einer M\u00f6glichkeit gesucht, die im K\u00f6rper gespeicherten Schmerzen nachhaltig bearbeiten und somit aufl\u00f6sen zu k\u00f6nnen, wu\u00dfte aber nicht, dass es daf\u00fcr eine Methode gibt.&nbsp;Danke Kathinka, f\u00fcr diese neue Erfahrung! Eva, Kulturmanagerin &nbsp; Ich konnte mich durch die Arbeit mit &hellip; <a href=\"https:\/\/kathinkasonneborn.de\/wordpress\/wordpress-kathinka\/index.php\/die-grinberg-methode\/klientenmeinungen\/\" class=\"more-link\">Continue reading <span class=\"screen-reader-text\">Erfahrungsberichte<\/span><\/a><\/p>\n","protected":false},"author":1,"featured_media":0,"parent":10,"menu_order":0,"comment_status":"closed","ping_status":"closed","template":"","meta":{"footnotes":""},"class_list":["post-185","page","type-page","status-publish","hentry"],"_links":{"self":[{"href":"https:\/\/kathinkasonneborn.de\/wordpress\/wordpress-kathinka\/index.php\/wp-json\/wp\/v2\/pages\/185","targetHints":{"allow":["GET"]}}],"collection":[{"href":"https:\/\/kathinkasonneborn.de\/wordpress\/wordpress-kathinka\/index.php\/wp-json\/wp\/v2\/pages"}],"about":[{"href":"https:\/\/kathinkasonneborn.de\/wordpress\/wordpress-kathinka\/index.php\/wp-json\/wp\/v2\/types\/page"}],"author":[{"embeddable":true,"href":"https:\/\/kathinkasonneborn.de\/wordpress\/wordpress-kathinka\/index.php\/wp-json\/wp\/v2\/users\/1"}],"replies":[{"embeddable":true,"href":"https:\/\/kathinkasonneborn.de\/wordpress\/wordpress-kathinka\/index.php\/wp-json\/wp\/v2\/comments?post=185"}],"version-history":[{"count":9,"href":"https:\/\/kathinkasonneborn.de\/wordpress\/wordpress-kathinka\/index.php\/wp-json\/wp\/v2\/pages\/185\/revisions"}],"predecessor-version":[{"id":5558,"href":"https:\/\/kathinkasonneborn.de\/wordpress\/wordpress-kathinka\/index.php\/wp-json\/wp\/v2\/pages\/185\/revisions\/5558"}],"up":[{"embeddable":true,"href":"https:\/\/kathinkasonneborn.de\/wordpress\/wordpress-kathinka\/index.php\/wp-json\/wp\/v2\/pages\/10"}],"wp:attachment":[{"href":"https:\/\/kathinkasonneborn.de\/wordpress\/wordpress-kathinka\/index.php\/wp-json\/wp\/v2\/media?parent=185"}],"curies":[{"name":"wp","href":"https:\/\/api.w.org\/{rel}","templated":true}]}}