{"id":16,"date":"2015-05-26T17:10:48","date_gmt":"2015-05-26T17:10:48","guid":{"rendered":"http:\/\/kathinkasonneborn.de\/wordpress\/wordpress-kathinka\/?page_id=16"},"modified":"2023-06-16T08:58:15","modified_gmt":"2023-06-16T08:58:15","slug":"uber-mich","status":"publish","type":"page","link":"https:\/\/kathinkasonneborn.de\/wordpress\/wordpress-kathinka\/index.php\/uber-mich\/","title":{"rendered":"\u00dcber mich"},"content":{"rendered":"<p><span style=\"color: #808080;\">Ich tanze, seit ich denken kann. Schon immer waren K\u00f6rper und Bewegung f\u00fcr mich eine tief befriedigende Art, meine Gedanken, Gef\u00fchle und Sehns\u00fcchte auszudr\u00fccken. Ich studierte Tanz in London und perfektionierte meine F\u00e4higkeiten, die ich als T\u00e4nzerin, Tanzp\u00e4dagogin und Choreografin an andere Menschen weitergegeben konnte. <\/span><\/p>\n<p><span style=\"color: #808080;\">Eines Tages wurde mir klar, dass ich mit meinem Bewusstsein f\u00fcr den K\u00f6rper auch Menschen helfen kann. Denn auch wenn wir es nicht absichtlich tun wie beim Tanzen, so dr\u00fcckt unser K\u00f6rper doch immer das aus, was wir tief in uns haben. Kleinere Unstimmigkeiten sind sofort an der Mimik zu sehen, eingeschliffene Verhaltensmuster in unserem Gang pr\u00e4sent. Ignorieren wir unseren K\u00f6rper und seine Signale, macht er uns Schmerzen oder wird krank. <\/span><\/p>\n<p><span style=\"color: #808080;\">Ich bildete mich weiter und lernte Methoden kennen, mit denen ich aus k\u00f6rperlichen Signalen R\u00fcckschl\u00fcsse auf Themen und Befindlichkeiten ziehen und Vitalit\u00e4t, Lebendigkeit und Pr\u00e4senz f\u00f6rdern kann. Im Studium der Motologie \u00fcbte ich, Erfahrungsr\u00e4ume zu schaffen, in denen sinnliche, k\u00f6rperliche und emotionale Erfahrungen nachgeholt und integriert werden k\u00f6nnen. Es folgte eine Ausbildung im Focusing, die es mir erlaubt, innere Reisen verbal zu begleiten. Als Praktikerin der Grinberg Methode und des Pantarei Approaches kann ich Dich durch k\u00f6rperliche Prozesse f\u00fchren und uns dabei Ber\u00fchrungen und Beschreibungen zunutze machen. <\/span><\/p>\n<p><span style=\"color: #808080;\">Ich habe die Magie des K\u00f6rpers kennen, sch\u00e4tzen und nutzen gelernt. Weil gerade in Krisen und \u00dcberg\u00e4ngen so viel Kraft steckt, begleite ich mit Vorliebe Menschen in Umbruchsituationen. Diese Arbeit erf\u00fcllt mich. Im Kontakt, der Ber\u00fchrung und in der Begegnung mit Menschen f\u00fchle ich mich zuhause. <\/span><\/p>\n<p><span style=\"color: #808080;\">In den letzten Jahren habe ich, auch durch den Tod meines Mannes, die heilsame Kraft einer tief empfundenen Naturverbindung kennen und sch\u00e4tzen gelernt. Ich absolvierte eine Weiterbildung als Wildnisp\u00e4dagogin und bilde mich fortlaufend weiter im Themenfeld naturverbundene Ritual- und Trauerarbeit. Seither biete ich mit gro\u00dfer Leidenschaft Seminare in naturverbunderner Prozessarbeit, vorrangig f\u00fcr Frauen, da drau\u00dfen in der Wildnis an.<\/span><\/p>\n<p><span style=\"color: #808080;\">In meiner Arbeit verbinde ich die unterschiedlichen Bereiche, begleite und ber\u00fchre Menschen durch die prozessorientierte K\u00f6rperarbeit, durch die Arbeit in der Natur und auch durch verschiedene Tanzunterrichte und \u2013projekte. Ich lebe mit meinen zwei fast erwachsenen Kindern in Berlin Kreuzberg.<\/span><\/p>\n<p><span style=\"color: #808080;\">Andere Menschen beschreiben mich als: warm, herzlich, kraftvoll, mitf\u00fchlend, weich, lebendig, anmutig, liebevoll, freudig, zugewandt, pr\u00e4sent, hilfsbereit, erdverbunden, mutig, humorvoll, neugierig und verspielt. <\/span><\/p>\n<p><span style=\"color: #808080;\">Ich lade Dich herzlich ein, mit mir auf Entdeckungsreise zu gehen und freue mich, Dich kennenzulernen.\u00a0<\/span><\/p>\n<p><span style=\"color: #808080;\"><a style=\"color: #808080;\" href=\"http:\/\/kathinkasonneborn.de\/wordpress\/wordpress-kathinka\/index.php\/tanz\/vita\/\">Vita<\/a><\/span><\/p>\n","protected":false},"excerpt":{"rendered":"<p>Ich tanze, seit ich denken kann. Schon immer waren K\u00f6rper und Bewegung f\u00fcr mich eine tief befriedigende Art, meine Gedanken, Gef\u00fchle und Sehns\u00fcchte auszudr\u00fccken. Ich studierte Tanz in London und perfektionierte meine F\u00e4higkeiten, die ich als T\u00e4nzerin, Tanzp\u00e4dagogin und Choreografin an andere Menschen weitergegeben konnte. Eines Tages wurde mir klar, dass ich mit meinem Bewusstsein &hellip; <a href=\"https:\/\/kathinkasonneborn.de\/wordpress\/wordpress-kathinka\/index.php\/uber-mich\/\" class=\"more-link\">Continue reading <span class=\"screen-reader-text\">\u00dcber mich<\/span><\/a><\/p>\n","protected":false},"author":1,"featured_media":262,"parent":0,"menu_order":0,"comment_status":"closed","ping_status":"closed","template":"","meta":{"footnotes":""},"class_list":["post-16","page","type-page","status-publish","has-post-thumbnail","hentry"],"_links":{"self":[{"href":"https:\/\/kathinkasonneborn.de\/wordpress\/wordpress-kathinka\/index.php\/wp-json\/wp\/v2\/pages\/16","targetHints":{"allow":["GET"]}}],"collection":[{"href":"https:\/\/kathinkasonneborn.de\/wordpress\/wordpress-kathinka\/index.php\/wp-json\/wp\/v2\/pages"}],"about":[{"href":"https:\/\/kathinkasonneborn.de\/wordpress\/wordpress-kathinka\/index.php\/wp-json\/wp\/v2\/types\/page"}],"author":[{"embeddable":true,"href":"https:\/\/kathinkasonneborn.de\/wordpress\/wordpress-kathinka\/index.php\/wp-json\/wp\/v2\/users\/1"}],"replies":[{"embeddable":true,"href":"https:\/\/kathinkasonneborn.de\/wordpress\/wordpress-kathinka\/index.php\/wp-json\/wp\/v2\/comments?post=16"}],"version-history":[{"count":14,"href":"https:\/\/kathinkasonneborn.de\/wordpress\/wordpress-kathinka\/index.php\/wp-json\/wp\/v2\/pages\/16\/revisions"}],"predecessor-version":[{"id":5595,"href":"https:\/\/kathinkasonneborn.de\/wordpress\/wordpress-kathinka\/index.php\/wp-json\/wp\/v2\/pages\/16\/revisions\/5595"}],"wp:featuredmedia":[{"embeddable":true,"href":"https:\/\/kathinkasonneborn.de\/wordpress\/wordpress-kathinka\/index.php\/wp-json\/wp\/v2\/media\/262"}],"wp:attachment":[{"href":"https:\/\/kathinkasonneborn.de\/wordpress\/wordpress-kathinka\/index.php\/wp-json\/wp\/v2\/media?parent=16"}],"curies":[{"name":"wp","href":"https:\/\/api.w.org\/{rel}","templated":true}]}}